{"id":304,"date":"2019-10-18T18:32:04","date_gmt":"2019-10-18T16:32:04","guid":{"rendered":"https:\/\/www.meta-albero.com\/legal-advice\/"},"modified":"2019-10-21T12:35:33","modified_gmt":"2019-10-21T10:35:33","slug":"legal-advice","status":"publish","type":"page","link":"https:\/\/www.meta-albero.com\/en\/legal-advice\/","title":{"rendered":"Legal Advice"},"content":{"rendered":"<p>[et_pb_section fb_built=&#8221;1&#8243; _builder_version=&#8221;3.29.3&#8243;][et_pb_row _builder_version=&#8221;3.29.3&#8243;][et_pb_column _builder_version=&#8221;3.29.3&#8243; type=&#8221;4_4&#8243;][et_pb_text _builder_version=&#8221;3.29.3&#8243; hover_enabled=&#8221;0&#8243;]<\/p>\n<h1>Aviso Legal<\/h1>\n<p>[\/et_pb_text][et_pb_text _builder_version=&#8221;3.29.3&#8243; hover_enabled=&#8221;0&#8243;]<\/p>\n<p>Mediante el presente aviso legal, CONSTRUCCIONES METALICAS ALBERO S.L. pone a disposici\u00f3n de sus usuarios la informaci\u00f3n general que los prestadores de servicios de la sociedad de la informaci\u00f3n estamos obligados a poner a su disposici\u00f3n, por imperativo del art. 10 de la Ley 34\/2002, de 11 de julio, de servicios de la sociedad de la informaci\u00f3n y de comercio electr\u00f3nico.<\/p>\n<p>\u00a0Se informa que el sitio web www.meta-albero.com es titularidad de CONSTRUCCIONES METALICAS ALBERO S.L. legalmente registrada C.I.F N\u00ba B81972614 y cuyo domicilio social se encuentra en Camino de San Mart\u00edn de la Vega 12, 28500 de Arganda del Rey (Madrid). A efectos de contacto e informaci\u00f3n CONSTRUCCIONES METALICAS ALBERO S.L. pone a disposici\u00f3n del usuario la siguiente direcci\u00f3n de correo electr\u00f3nico:<span>\u00a0<\/span><a href=\"mailto:info@meta-albero.com\">info@meta-albero.com<\/a>. Inscrita en el Registro Mercantil de Madrid. Tomo 12965, libro 0, Secci\u00f3n 8\u00ba, Folio 126, Hoja M-208920, Inscripci\u00f3n 1\u00aa<\/p>\n<p>El objeto del sitio web es poner a disposici\u00f3n del usuario informaci\u00f3n clara acerca de los servicios prestados por la sociedad titular CONSTRUCCIONES METALICAS ALBERO S.L.<\/p>\n<p><strong>1. ACCESO AL SITIO WEB Y ACEPTACI\u00d3N DEL AVISO LEGAL.<\/strong><\/p>\n<p>Al acceder a este sitio web, usted adquiere la condici\u00f3n del usuario y acepta plenamente todas y cada una de las condiciones que contiene este Aviso Legal. La finalidad del portal web es la de poner a su disposici\u00f3n los servicios que la empresa ofrece, a trav\u00e9s de la web podr\u00e1 contactar con nosotros, as\u00ed como solicitar informaci\u00f3n.<\/p>\n<p>El usuario se compromete a hacer uso de los servicios y utilidades que ofrece CONSTRUCCIONES METALICAS ALBERO S.L. de conformidad con su c\u00f3digo \u00e9tico, las leyes, la buena fe, el orden p\u00fablico, los usos del tr\u00e1fico y este Aviso Legal. El usuario responder\u00e1 ante CONSTRUCCIONES METALICAS ALBERO S.L. o frente a terceros, de cualquier incumplimiento que se produjera como consecuencia de lo anterior.<\/p>\n<p>\u00a0El establecimiento de un enlace o link a otra p\u00e1gina o sitio en Internet, no implica en ning\u00fan caso la existencia de relaciones entre CONSTRUCCIONES METALICAS ALBERO S.L. y el titular o propietario del sitio web al que se enlace, ni tampoco la aceptaci\u00f3n y aprobaci\u00f3n por parte de CONSTRUCCIONES METALICAS ALBERO S.L. de sus contenidos o servicios. Quien se proponga establecer un enlace o link a este sitio web, deber\u00e1 solicitar previamente consentimiento a CONSTRUCCIONES METALICAS ALBERO S.L., reserv\u00e1ndose el derecho a reclamar los posibles da\u00f1os que se pudieran provocar por el establecimiento de este enlace o link sin la necesaria autorizaci\u00f3n.\u00a0<\/p>\n<p><strong>2. USO DE LA WEB POR PARTE DEL VISITANTE<\/strong><\/p>\n<p>El usuario deber\u00e1 leer atentamente el Aviso Legal y la Pol\u00edtica de Privacidad y Cookies en cada una de las ocasiones que utilice esta web, ya que las condiciones recogidas pueden sufrir modificaciones en cada momento. Adem\u00e1s, se compromete a hacer un uso adecuado y l\u00edcito del sitio Web y de todos los contenidos, de conformidad con la legislaci\u00f3n aplicable. El Usuario deber\u00e1 abstenerse de:\u00a0<\/p>\n<p>a. Hacer un uso no autorizado o fraudulento de la web y\/o de los contenidos de CONSTRUCCIONES METALICAS ALBERO S.L.<\/p>\n<p>b. Introducir o difundir en la red virus inform\u00e1ticos o cualesquiera otros sistemas f\u00edsicos o l\u00f3gicos que sean susceptibles de provocar da\u00f1os en los sistemas f\u00edsicos o l\u00f3gicos del propietario del dominio, de sus proveedores o de terceros.<\/p>\n<p>c. Intentar acceder, utilizar y\/o manipular los datos del propietario del dominio www.meta-albero.com, o webs sat\u00e9lites o propiedad suya o de los usuarios del mismo.<\/p>\n<p>d. Suprimir, ocultar o manipular las notas sobre derechos de propiedad intelectual o industrial y dem\u00e1s datos identificativos de los derechos del titular de la web, de terceros incorporados a los contenidos o comentarios, as\u00ed como los dispositivos t\u00e9cnicos de protecci\u00f3n o mecanismos de informaci\u00f3n que puedan insertarse en los contenidos.<\/p>\n<p>e. Realizar copia y\/o publicaci\u00f3n de la p\u00e1gina web, sin autorizaci\u00f3n expresa de CONSTRUCCIONES METALICAS ALBERO S.L., por escrito en este o cualquiera de sus sitios web.<\/p>\n<p><strong>3. DERECHOS DE PROPIEDAD INTELECTUAL E INDUSTRIAL.<\/strong><\/p>\n<p>CONSTRUCCIONES METALICAS ALBERO S.L. en virtud de lo dispuesto en los art\u00edculos 8 y 32.1 p\u00e1rrafo segundo de la ley de propiedad intelectual, informa que quedan expresamente prohibidas la reproducci\u00f3n y la comunicaci\u00f3n p\u00fablica, incluida su modalidad de puesta a disposici\u00f3n de la totalidad o parte de los contenidos de esta p\u00e1gina web, con fines comerciales, en cualquier soporte y por cualquier medio t\u00e9cnico, sin la autorizaci\u00f3n de CONSTRUCCIONES METALICAS ALBERO S.L. El usuario se compromete a respetar los derechos de Propiedad Intelectual e Industrial de CONSTRUCCIONES METALICAS ALBERO S.L.<\/p>\n<p>Se permite la visualizaci\u00f3n de todos los contenidos y elementos del portal web, as\u00ed como su impresi\u00f3n, copia y almacenamiento en cualquier soporte f\u00edsico o tecnol\u00f3gico siempre y cuando sea, \u00fanica y exclusivamente, para su uso personal y privado. El usuario se compromete a abstenerse de suprimir, alterar o manipular cualquier dispositivo de protecci\u00f3n o sistema de seguridad que estuviera instalado en la p\u00e1gina web www.meta-albero.com<\/p>\n<p><strong>4. EXCLUSI\u00d3N DE GARANT\u00cdAS Y RESPONSABILIDAD. ENLACES<\/strong><\/p>\n<p>CONSTRUCCIONES METALICAS ALBERO S.L. no se hace responsable, en ning\u00fan caso, de los da\u00f1os y perjuicios que se pudieran ocasionar a pesar de haber adoptado todas las medidas tecnol\u00f3gicas necesarias para evitarlo.<\/p>\n<p>El portal puede contener enlaces e hiperv\u00ednculos hacia otros sitios web en los contenidos www.meta-albero.com, la sociedad informa de que CONSTRUCCIONES METALICAS ALBERO S.L. no ejercer\u00e1 ning\u00fan control sobre dichos sitios y contenidos. Bajo ning\u00fan concepto asumir\u00e1 responsabilidad alguna por los contenidos de enlaces de terceros ni garantizar\u00e1 la disponibilidad, calidad, veracidad, exactitud y constitucionalidad de cualquier material o informaci\u00f3n contenida en ninguno de dichos hiperv\u00ednculos y otros sitios de internet.<\/p>\n<p>La inclusi\u00f3n de estas conexiones externas no implicar\u00e1 ning\u00fan tipo de asociaci\u00f3n, fusi\u00f3n o participaci\u00f3n con las entidades terceras.\u00a0<\/p>\n<p><strong>5. LEGISLACI\u00d3N Y JURISDICCI\u00d3N.<\/strong><\/p>\n<p>La legislaci\u00f3n aplicable al presente Aviso Legal ser\u00e1 la legislaci\u00f3n espa\u00f1ola, y la jurisdicci\u00f3n competente para conocer de cualesquiera demandas que este sitio Web suscite ser\u00e1 la de los Juzgados y Tribunales de la ciudad de Arganda del Rey.<\/p>\n<p>CONSTRUCCIONES METALICAS ALBERO S.L. denunciar\u00e1 cualquier incumplimiento de las presentes condiciones, as\u00ed como un uso indebido o negligente de su portal ejerciendo todas las acciones civiles y penales que le puedan corresponder seg\u00fan derecho.\u00a0<\/p>\n<p>Del mismo modo, los titulares del portal web www.meta-albero.com se reservan el derecho de denegar o retirar el acceso al sitio web y\/o a los servicios ofrecidos sin previo aviso o a instancia propia o de un tercero, a aquellos usuarios que incumplan el presente Aviso Legal, la pol\u00edtica de cookies o haga caso omiso a la Pol\u00edtica de Privacidad.\u00a0<\/p>\n<p><strong>6. VERSI\u00d3N<\/strong><\/p>\n<p>Este Aviso Legal es de fecha 19\/11\/2018 y cualquier modificaci\u00f3n de sus t\u00e9rminos ser\u00e1 publicada en esta p\u00e1gina web.<\/p>\n<p>[\/et_pb_text][\/et_pb_column][\/et_pb_row][\/et_pb_section]<\/p>\n","protected":false},"excerpt":{"rendered":"<p>Aviso Legal Mediante el presente aviso legal, CONSTRUCCIONES METALICAS ALBERO S.L. pone a disposici\u00f3n de sus usuarios la informaci\u00f3n general que los prestadores de servicios de la sociedad de la informaci\u00f3n estamos obligados a poner a su disposici\u00f3n, por imperativo del art. 10 de la Ley 34\/2002, de 11 de julio, de servicios de la [&hellip;]<\/p>\n","protected":false},"author":1,"featured_media":0,"parent":0,"menu_order":0,"comment_status":"closed","ping_status":"closed","template":"","meta":{"_et_pb_use_builder":"on","_et_pb_old_content":"","_et_gb_content_width":"","footnotes":""},"class_list":["post-304","page","type-page","status-publish","hentry"],"aioseo_notices":[],"_links":{"self":[{"href":"https:\/\/www.meta-albero.com\/en\/wp-json\/wp\/v2\/pages\/304","targetHints":{"allow":["GET"]}}],"collection":[{"href":"https:\/\/www.meta-albero.com\/en\/wp-json\/wp\/v2\/pages"}],"about":[{"href":"https:\/\/www.meta-albero.com\/en\/wp-json\/wp\/v2\/types\/page"}],"author":[{"embeddable":true,"href":"https:\/\/www.meta-albero.com\/en\/wp-json\/wp\/v2\/users\/1"}],"replies":[{"embeddable":true,"href":"https:\/\/www.meta-albero.com\/en\/wp-json\/wp\/v2\/comments?post=304"}],"version-history":[{"count":2,"href":"https:\/\/www.meta-albero.com\/en\/wp-json\/wp\/v2\/pages\/304\/revisions"}],"predecessor-version":[{"id":345,"href":"https:\/\/www.meta-albero.com\/en\/wp-json\/wp\/v2\/pages\/304\/revisions\/345"}],"wp:attachment":[{"href":"https:\/\/www.meta-albero.com\/en\/wp-json\/wp\/v2\/media?parent=304"}],"curies":[{"name":"wp","href":"https:\/\/api.w.org\/{rel}","templated":true}]}}