{"id":306,"date":"2019-10-18T18:32:40","date_gmt":"2019-10-18T16:32:40","guid":{"rendered":"https:\/\/www.meta-albero.com\/privacy-policy\/"},"modified":"2019-10-18T18:32:41","modified_gmt":"2019-10-18T16:32:41","slug":"privacy-policy","status":"publish","type":"page","link":"https:\/\/www.meta-albero.com\/en\/privacy-policy\/","title":{"rendered":"Privacy Policy"},"content":{"rendered":"<p>[et_pb_section fb_built=&#8221;1&#8243; admin_label=&#8221;section&#8221; _builder_version=&#8221;3.22&#8243; fb_built=&#8221;1&#8243; _i=&#8221;0&#8243; _address=&#8221;0&#8243;][et_pb_row _builder_version=&#8221;3.29.3&#8243;][et_pb_column _builder_version=&#8221;3.29.3&#8243; type=&#8221;4_4&#8243;][et_pb_text _builder_version=&#8221;3.29.3&#8243; hover_enabled=&#8221;0&#8243;]<\/p>\n<h1>Privacy Policy<\/h1>\n<p>[\/et_pb_text][\/et_pb_column][\/et_pb_row][et_pb_row admin_label=&#8221;row&#8221; _builder_version=&#8221;3.25&#8243; background_size=&#8221;initial&#8221; background_position=&#8221;top_left&#8221; background_repeat=&#8221;repeat&#8221; _i=&#8221;0&#8243; _address=&#8221;0.0&#8243;][et_pb_column type=&#8221;4_4&#8243; _builder_version=&#8221;3.25&#8243; custom_padding=&#8221;|||&#8221; _i=&#8221;0&#8243; _address=&#8221;0.0.0&#8243; custom_padding__hover=&#8221;|||&#8221;][et_pb_text admin_label=&#8221;Text&#8221; _builder_version=&#8221;3.29.3&#8243; background_size=&#8221;initial&#8221; background_position=&#8221;top_left&#8221; background_repeat=&#8221;repeat&#8221; hover_enabled=&#8221;0&#8243; _i=&#8221;0&#8243; _address=&#8221;0.0.0.0&#8243;]<\/p>\n<p><strong>1. TITULAR DEL SITIO WEB Y RESPONSABLE DEL TRATAMIENO<\/strong><\/p>\n<p>En cumplimiento del art\u00edculo 10 de la Ley 34\/2002, de 11 de julio, de Servicios de la Sociedad de la Informaci\u00f3n y Comercio Electr\u00f3nico, se hace constar:<\/p>\n<p>\u00bfQui\u00e9n es el responsable del tratamiento de tus datos?<\/p>\n<p>Nombre: CONSTRUCCIONES METALICAS ALBERO S.L.<br \/>CIF: B81972614<br \/>Domicilio: Camino de San Mart\u00edn de la Vega 12, 28500 de Arganda del Rey (Madrid).<br \/>Mail:<span>\u00a0<\/span><a href=\"mailto:info@meta-albero.com\">info@meta-albero.com<\/a><br \/>Web: www.meta-albero.com<\/p>\n<p>Puede contactar con nosotros en cualquiera de las direcciones facilitadas anteriormente.<\/p>\n<p><strong>2 PROTECCI\u00d3N DE DATOS DE CAR\u00c1CTER PERSONAL<\/strong><\/p>\n<p><strong>2.1 Derechos de Protecci\u00f3n de Datos<\/strong><\/p>\n<p>Derechos de los usuarios:<\/p>\n<ul>\n<li>Derecho de Acceso a los datos personales, a consultar si CONSTRUCCIONES METALICAS ALBERO S.L. est\u00e1 tratando sus datos.<\/li>\n<li>Derecho de Rectificaci\u00f3n, si los datos fueran incorrectos.<\/li>\n<li>Derecho de Cancelaci\u00f3n o Supresi\u00f3n y vinculado a estos, el derecho al olvido, en cuyo caso los datos \u00fanicamente ser\u00e1n conservados para la formulaci\u00f3n, el ejercicio o la defensa de reclamaciones.<\/li>\n<li>Derecho a Oponerse al tratamiento: CONSTRUCCIONES METALICAS ALBERO S.L. dejar\u00e1 de tratar los datos en la forma que usted indique, salvo que por motivos leg\u00edtimos se tengan que seguir tratando.<\/li>\n<li>Derecho a la limitaci\u00f3n del tratamiento, no aplicando a los datos las operaciones de tratamiento que en cada caso corresponder\u00edan mientras el responsable determina si procede atender a otras solicitudes.<\/li>\n<li>Derecho a la portabilidad de los datos: tiene derecho a recibir los datos personales que le afectan que haya facilitado a CONSTRUCCIONES METALICAS ALBERO S.L. en un formato estructurado, de uso com\u00fan y de lectura mec\u00e1nica, y solicitar la transmisi\u00f3n a otro responsable cuando sea t\u00e9cnicamente posible.<\/li>\n<\/ul>\n<p><strong>C\u00f3mo ejercitar los derechos<\/strong>: Los interesados pueden ejercer sus derechos mediante una comunicaci\u00f3n escrita al domicilio fiscal de CONSTRUCCIONES METALICAS ALBERO S.L. o a la direcci\u00f3n de correo electr\u00f3nico:<span>\u00a0<\/span><a href=\"mailto:info@meta-albero.com\">info@meta-albero.com<\/a>, incluyendo una fotocopia de su DNI o documentaci\u00f3n oficial que acredite su identidad.<\/p>\n<p><strong>Posibilidad de retirar el consentimiento<\/strong>: en el caso de que se haya otorgado el consentimiento para alguna finalidad espec\u00edfica, usted tiene derecho a retirar el consentimiento en cualquier momento, sin que ello afecte a la licitud del tratamiento basado en el consentimiento previo a su retirada.<\/p>\n<p><strong>Autoridad de Control<\/strong>: Si un usuario considera que hay un problema con la forma en que CONSTRUCCIONES METALICAS ALBERO S.L. est\u00e1 manejando sus datos, puede dirigir sus reclamaciones a la<span>\u00a0<\/span><a href=\"https:\/\/www.aepd.es\/\" target=\"_blank\" rel=\"noopener noreferrer\">Agencia Espa\u00f1ola de Protecci\u00f3n de Datos<\/a>.<\/p>\n<p><strong>2.2 CONSERVACI\u00d3N DE LOS DATOS<\/strong><\/p>\n<p><strong>Datos de los Clientes<\/strong>: variar\u00e1 en funci\u00f3n del servicio que el cliente contrate.<\/p>\n<ul>\n<li>4 a\u00f1os: Ley sobre Infracciones y Sanciones en el Orden Social (obligaciones en materia de afiliaci\u00f3n, altas, bajas, cotizaci\u00f3n, pago de salarios\u2026); Arts. 66 y sig. Ley General Tributaria (libros de contabilidad\u2026);<\/li>\n<li>5 a\u00f1os: Art. 1964 C\u00f3digo Civil (acciones personales sin plazo especial).<\/li>\n<li>6 a\u00f1os: Art. 30 C\u00f3digo de Comercio (libros de contabilidad, facturas, etc)<\/li>\n<li>10 a\u00f1os: Art. 25 Ley de Prevenci\u00f3n del Blanqueo de Capitales y Financiaci\u00f3n del Terrorismo.<\/li>\n<\/ul>\n<p><strong>Datos en perfiles de redes sociales<\/strong>: Hasta que el usuario retira el permiso para ello.<\/p>\n<p><strong>2.3 FINALIDADES Y LEGITIMIDAD<\/strong><\/p>\n<p>Seg\u00fan tipo de tratamiento de datos le resumimos en continuaci\u00f3n la base de legitimaci\u00f3n de dicho tratamiento:<\/p>\n<table border=\"1\" cellspacing=\"0\" cellpadding=\"4\" align=\"center\">\n<tbody>\n<tr>\n<td width=\"50%\"><strong>TRATAMIENTO<\/strong><\/td>\n<td width=\"50%\">\n<p><strong>BASE DE LEGITIMACI\u00d3N<\/strong><\/p>\n<\/td>\n<\/tr>\n<tr>\n<td>Gesti\u00f3n Contable y fiscal: gesti\u00f3n de facturaci\u00f3n, obligaciones fiscales, bonificaciones, etc\u2026 de los clientes y\/o proveedores de la empresa.<\/td>\n<td>Mantenimiento, desarrollo y control de la relaci\u00f3n contractual entre las partes. Cumplimiento de las obligaciones legales.<\/td>\n<\/tr>\n<tr>\n<td>Gesti\u00f3n administrativa: gesti\u00f3n env\u00edos, entregas, etc.<\/td>\n<td>Mantenimiento, desarrollo y control de la relaci\u00f3n contractual entre las partes.<\/td>\n<\/tr>\n<tr>\n<td>Marketing: Acciones comerciales sobre nuestros productos o servicios dirigidas a nuestros clientes o aquellas personas que nos han solicitado informaci\u00f3n relativa en el pasado incluyendo la realizaci\u00f3n de encuestas de satisfacci\u00f3n a nuestros clientes.<\/td>\n<td>Consentimiento libre e inequ\u00edvoco del propio interesado (clientes potenciales); Inter\u00e9s leg\u00edtimo de la empresa sobre la promoci\u00f3n y comercializaci\u00f3n de productos o servicios similares a los obtenidos o solicitados por las personas interesadas en el pasado.<\/td>\n<\/tr>\n<tr>\n<td>Tratamiento de gesti\u00f3n de colaboradores.<\/td>\n<td>Mantenimiento, desarrollo y control de la relaci\u00f3n contractual entre las partes.<\/td>\n<\/tr>\n<tr>\n<td>Tratamiento de gesti\u00f3n de reclamaciones (atenci\u00f3n al cliente).<\/td>\n<td>Consentimiento del propio interesado.<\/td>\n<\/tr>\n<tr>\n<td>Tratamiento de operaciones en campa\u00f1as a trav\u00e9s de medios electr\u00f3nicos con potenciales clientes.<\/td>\n<td>Consentimiento del propio interesado.<\/td>\n<\/tr>\n<tr>\n<td>Tratamiento de derechos protecci\u00f3n de datos.<\/td>\n<td>Consentimiento del propio interesado.<\/td>\n<\/tr>\n<tr>\n<td>Tratamiento de operaciones de requerimientos de deuda por terceros sobre proveedores.<\/td>\n<td>Obligaci\u00f3n legal.<\/td>\n<\/tr>\n<tr>\n<td>Tratamiento de gesti\u00f3n de relaciones con contactos &#8211; usuarios web a trav\u00e9s de la web.<\/td>\n<td>Consentimiento libre e inequ\u00edvoco del propio interesado.<\/td>\n<\/tr>\n<tr>\n<td>Tratamiento de curriculums y ofertas de empleo.<\/td>\n<td>El candidato autoriza a CONSTRUCCIONES METALICAS ALBERO S.L. a tratar los documentos que le remita, todo el contenido que sea directamente accesible a trav\u00e9s de los buscadores de Internet, los perfiles que mantenga en redes sociales profesionales, los datos obtenidos en las pruebas de valoraci\u00f3n y la informaci\u00f3n que proporcione en la entrevista de trabajo, con el objetivo de valorar su candidatura.<\/td>\n<\/tr>\n<tr>\n<td>Tratamiento de im\u00e1genes y v\u00eddeos.<\/td>\n<td>Consentimiento del propio interesado o asistencia a acto p\u00fablico o evento organizado por la empresa.<\/td>\n<\/tr>\n<tr>\n<td>Tratamiento de gesti\u00f3n de socios, accionistas y colaboradores<\/td>\n<td>Mantenimiento, desarrollo y control de la relaci\u00f3n contractual entre las partes<\/td>\n<\/tr>\n<\/tbody>\n<\/table>\n<p>&nbsp;<\/p>\n<p>TRATAMIENTO BASE DE LEGITIMACI\u00d3N<\/p>\n<p>Gesti\u00f3n Contable y fiscal: gesti\u00f3n de facturaci\u00f3n, obligaciones fiscales, bonificaciones, etc\u2026 de los clientes y\/o proveedores de la empresa. Mantenimiento, desarrollo y control de la relaci\u00f3n contractual entre las partes. Cumplimiento de las obligaciones legales.<br \/>Gesti\u00f3n administrativa: gesti\u00f3n env\u00edos, entregas, etc. Mantenimiento, desarrollo y control de la relaci\u00f3n contractual entre las partes.<br \/>Marketing: Acciones comerciales sobre nuestros productos o servicios dirigidas a nuestros clientes o aquellas personas que nos han solicitado informaci\u00f3n relativa en el pasado incluyendo la realizaci\u00f3n de encuestas de satisfacci\u00f3n a nuestros clientes. Consentimiento libre e inequ\u00edvoco del propio interesado (clientes potenciales); Inter\u00e9s leg\u00edtimo de la empresa sobre la promoci\u00f3n y comercializaci\u00f3n de productos o servicios similares a los obtenidos o solicitados por las personas interesadas en el pasado.<br \/>Tratamiento de gesti\u00f3n de colaboradores. Mantenimiento, desarrollo y control de la relaci\u00f3n contractual entre las partes.<br \/>Tratamiento de gesti\u00f3n de reclamaciones (atenci\u00f3n al cliente). Consentimiento del propio interesado.<br \/>Tratamiento de operaciones en campa\u00f1as a trav\u00e9s de medios electr\u00f3nicos con potenciales clientes. Consentimiento del propio interesado.<br \/>Tratamiento de derechos protecci\u00f3n de datos. Consentimiento del propio interesado.<br \/>Tratamiento de operaciones de requerimientos de deuda por terceros sobre proveedores. Obligaci\u00f3n legal.<br \/>Tratamiento de gesti\u00f3n de relaciones con contactos &#8211; usuarios web a trav\u00e9s de la web. Consentimiento libre e inequ\u00edvoco del propio interesado.<br \/>Tratamiento de curriculums y ofertas de empleo. El candidato autoriza a CONSTRUCCIONES METALICAS ALBERO S.L. a tratar los documentos que le remita, todo el contenido que sea directamente accesible a trav\u00e9s de los buscadores de Internet, los perfiles que mantenga en redes sociales profesionales, los datos obtenidos en las pruebas de valoraci\u00f3n y la informaci\u00f3n que proporcione en la entrevista de trabajo, con el objetivo de valorar su candidatura.<br \/>Tratamiento de im\u00e1genes y v\u00eddeos. Consentimiento del propio interesado o asistencia a acto p\u00fablico o evento organizado por la empresa.<br \/>Tratamiento de gesti\u00f3n de socios, accionistas y colaboradores Mantenimiento, desarrollo y control de la relaci\u00f3n contractual entre las partes<\/p>\n<p><strong>2.4 NAVEGACI\u00d3N WEB (USO DE COOKIES)<\/strong><\/p>\n<p>Por cookie se entiende cualquier tipo de archivo o dispositivo que se descarga en el terminal de un usuario con la capacidad de almacenar datos que podr\u00e1n ser utilizados y recuperados por el prestador de servicios responsable de la instalaci\u00f3n.<\/p>\n<p>Las cookies son necesarias para el funcionamiento de Internet, nos permiten una mejor navegaci\u00f3n y usabilidad de nuestra web, posibilitando la identificaci\u00f3n y resoluci\u00f3n de posibles errores, y todo ello sin causar el menor perjuicio en el terminal del usuario.<\/p>\n<p>A trav\u00e9s del presente Aviso, informamos a nuestros usuarios que CONSTRUCCIONES METALICAS ALBERO S.L. y utiliza en este sitio web (www.meta-albero.com) las siguientes cookies que se detallan a continuaci\u00f3n:<\/p>\n<ul>\n<li>Cookies estrictamente necesarias para la prestaci\u00f3n de determinados servicios solicitados expresamente por el usuario: si se desactivan estas cookies, no podr\u00e1 recibir correctamente nuestros contenidos y servicios; y<\/li>\n<li>Cookies anal\u00edticas (para el seguimiento y an\u00e1lisis estad\u00edstico del comportamiento del conjunto de los usuarios), si se desactivan estas cookies, el sitio web podr\u00e1 seguir funcionando sin perjuicio de que la informaci\u00f3n captada por estas cookies sobre el uso de nuestra web y sobre el \u00e9xito de los anuncios mostrados en ella permite mejorar nuestros servicios.<\/li>\n<\/ul>\n<p><strong>(*) DESACTIVACI\u00d3N DE COOKIES<\/strong>. El usuario podr\u00e1 -en cualquier momento- elegir qu\u00e9 cookies quiere que funcionen en este sitio web mediante: la configuraci\u00f3n del navegador; por ejemplo:<\/p>\n<p>\u2022 Chrome, desde.:<span>\u00a0<\/span><a href=\"http:\/\/support.google.com\/chrome\/bin\/answer.py?hl=es&amp;answer=95647\">http:\/\/support.google.com\/chrome\/bin\/answer.py?hl=es&amp;answer=95647<\/a><br \/>\u2022 Explorer, desde<span>\u00a0<\/span><a href=\"http:\/\/windows.microsoft.com\/es-es\/windows7\/how-to-manage-cookies-in-internet-explorer-9\">http:\/\/windows.microsoft.com\/es-es\/windows7\/how-to-manage-cookies-in-internet-explorer-9<\/a><br \/>\u2022 Firefox, desde<span>\u00a0<\/span><a href=\"http:\/\/support.mozilla.org\/es\/kb\/habilitar-y-deshabilitar-cookies-que-los-sitios-web\">http:\/\/support.mozilla.org\/es\/kb\/habilitar-y-deshabilitar-cookies-que-los-sitios-web<\/a><br \/>\u2022 Safari, desde<span>\u00a0<\/span><a href=\"http:\/\/support.apple.com\/kb\/ph5042\">http:\/\/support.apple.com\/kb\/ph5042<\/a><\/p>\n<p><a href=\"http:\/\/support.apple.com\/kb\/ph5042\"><\/a>No obstante, el usuario ha de saber que tras la desactivaci\u00f3n de las cookies su navegaci\u00f3n por nuestra web puede no ser \u00f3ptima y algunas utilidades pueden no funcionar correctamente.<\/p>\n<p><strong>Cookies de terceros<\/strong>. En alguna p\u00e1gina del Sitio Web se muestra contenido embebido o invocado a trav\u00e9s del cual se pueden estar instalando cookies de terceros.<\/p>\n<p><strong>2.5 ENCARGADOS DEL TRATAMIENTO FUERA DEL UE<\/strong><\/p>\n<p>No est\u00e1 previsto le cesi\u00f3n de datos a pa\u00edses fuera de la UE<\/p>\n<p><strong>2.6 CONFIDENCIALIDAD Y DESTRUCCI\u00d3N DOCUMENTAL<\/strong><\/p>\n<p><strong>Secreto profesional<\/strong>. CONSTRUCCIONES METALICAS ALBERO S.L. y los colaboradores que trabajan con nosotros y que tuvieran alg\u00fan tipo de intervenci\u00f3n en los servicios prestados al cliente, est\u00e1n comprometidos a no divulgar ni hacer uso de la informaci\u00f3n a la que hayan accedido por raz\u00f3n de su profesi\u00f3n. La informaci\u00f3n suministrada por el cliente tendr\u00e1, en todo caso, la consideraci\u00f3n de confidencial, sin que pueda ser utilizada para otros fines que los relacionados con los servicios contratados a CONSTRUCCIONES METALICAS ALBERO S.L.<\/p>\n<p>CONSTRUCCIONES METALICAS ALBERO S.L. se obliga a no divulgar ni revelar informaci\u00f3n sobre las pretensiones del cliente, los motivos del asesoramiento solicitado o la duraci\u00f3n de su relaci\u00f3n con este.<\/p>\n<p><strong>Destrucci\u00f3n documental<\/strong>. Con el objetivo de preservar y garantizar la confidencialidad, CONSTRUCCIONES METALICAS ALBERO S.L. se compromete a destruir toda la informaci\u00f3n confidencial a la que por raz\u00f3n de una prestaci\u00f3n de servicios haya tenido acceso cuando dejen de ser necesarios para la finalidad con la que se recabaron, salvo que exista una obligaci\u00f3n legal para su conservaci\u00f3n. Si el cliente desea conservar el original o una copia de dicha informaci\u00f3n, deber\u00e1 imprimirla o guardarla por sus propios medios o acudir a la sede de CONSTRUCCIONES METALICAS ALBERO S.L. para recogerla antes de su destrucci\u00f3n<\/p>\n<p>[\/et_pb_text][\/et_pb_column][\/et_pb_row][\/et_pb_section]<\/p>\n","protected":false},"excerpt":{"rendered":"<p>Privacy Policy 1. TITULAR DEL SITIO WEB Y RESPONSABLE DEL TRATAMIENO En cumplimiento del art\u00edculo 10 de la Ley 34\/2002, de 11 de julio, de Servicios de la Sociedad de la Informaci\u00f3n y Comercio Electr\u00f3nico, se hace constar: \u00bfQui\u00e9n es el responsable del tratamiento de tus datos? Nombre: CONSTRUCCIONES METALICAS ALBERO S.L.CIF: B81972614Domicilio: Camino de [&hellip;]<\/p>\n","protected":false},"author":1,"featured_media":0,"parent":0,"menu_order":0,"comment_status":"closed","ping_status":"closed","template":"","meta":{"_et_pb_use_builder":"on","_et_pb_old_content":"<!-- wp:heading --><h2>Qui\u00e9nes somos<\/h2><!-- \/wp:heading --><!-- wp:paragraph --><p>La direcci\u00f3n de nuestra web es: https:\/\/www.meta-albero.com.<\/p><!-- \/wp:paragraph --><!-- wp:heading --><h2>Qu\u00e9 datos personales recogemos y por qu\u00e9 los recogemos<\/h2><!-- \/wp:heading --><!-- wp:heading {\"level\":3} --><h3>Comentarios<\/h3><!-- \/wp:heading --><!-- wp:paragraph --><p>Cuando los visitantes dejan comentarios en la web, recopilamos los datos que se muestran en el formulario de comentarios, as\u00ed como la direcci\u00f3n IP del visitante y la cadena de agentes de usuario del navegador para ayudar a la detecci\u00f3n de spam.<\/p><!-- \/wp:paragraph --><!-- wp:paragraph --><p>Una cadena an\u00f3nima creada a partir de tu direcci\u00f3n de correo electr\u00f3nico (tambi\u00e9n llamada hash) puede ser proporcionada al servicio de Gravatar para ver si la est\u00e1s usando. La pol\u00edtica de privacidad del servicio Gravatar est\u00e1 disponible aqu\u00ed: https:\/\/automattic.com\/privacy\/. Despu\u00e9s de la aprobaci\u00f3n de tu comentario, la imagen de tu perfil es visible para el p\u00fablico en el contexto de su comentario.<\/p><!-- \/wp:paragraph --><!-- wp:heading {\"level\":3} --><h3>Medios<\/h3><!-- \/wp:heading --><!-- wp:paragraph --><p>Si subes im\u00e1genes a la web deber\u00edas evitar subir im\u00e1genes con datos de ubicaci\u00f3n (GPS EXIF) incluidos. Los visitantes de la web pueden descargar y extraer cualquier dato de localizaci\u00f3n de las im\u00e1genes de la web.<\/p><!-- \/wp:paragraph --><!-- wp:heading {\"level\":3} --><h3>Formularios de contacto<\/h3><!-- \/wp:heading --><!-- wp:heading {\"level\":3} --><h3>Cookies<\/h3><!-- \/wp:heading --><!-- wp:paragraph --><p>Si dejas un comentario en nuestro sitio puedes elegir guardar tu nombre, direcci\u00f3n de correo electr\u00f3nico y web en cookies. Esto es para tu comodidad, para que no tengas que volver a rellenar tus datos cuando dejes otro comentario. Estas cookies tendr\u00e1n una duraci\u00f3n de un a\u00f1o.<\/p><!-- \/wp:paragraph --><!-- wp:paragraph --><p>Si tienes una cuenta y te conectas a este sitio, instalaremos una cookie temporal para determinar si tu navegador acepta cookies. Esta cookie no contiene datos personales y se elimina al cerrar el navegador.<\/p><!-- \/wp:paragraph --><!-- wp:paragraph --><p>Cuando inicias sesi\u00f3n, tambi\u00e9n instalaremos varias cookies para guardar tu informaci\u00f3n de inicio de sesi\u00f3n y tus opciones de visualizaci\u00f3n de pantalla. Las cookies de inicio de sesi\u00f3n duran dos d\u00edas, y las cookies de opciones de pantalla duran un a\u00f1o. Si seleccionas &quot;Recordarme&quot;, tu inicio de sesi\u00f3n perdurar\u00e1 durante dos semanas. Si sales de tu cuenta, las cookies de inicio de sesi\u00f3n se eliminar\u00e1n.<\/p><!-- \/wp:paragraph --><!-- wp:paragraph --><p>Si editas o publicas un art\u00edculo se guardar\u00e1 una cookie adicional en tu navegador. Esta cookie no incluye datos personales y simplemente indica el ID del art\u00edculo que acabas de editar. Caduca despu\u00e9s de 1 d\u00eda.<\/p><!-- \/wp:paragraph --><!-- wp:heading {\"level\":3} --><h3>Contenido incrustado de otros sitios web<\/h3><!-- \/wp:heading --><!-- wp:paragraph --><p>Los art\u00edculos de este sitio pueden incluir contenido incrustado (por ejemplo, v\u00eddeos, im\u00e1genes, art\u00edculos, etc.). El contenido incrustado de otras web se comporta exactamente de la misma manera que si el visitante hubiera visitado la otra web.<\/p><!-- \/wp:paragraph --><!-- wp:paragraph --><p>Estas web pueden recopilar datos sobre ti, utilizar cookies, incrustar un seguimiento adicional de terceros, y supervisar tu interacci\u00f3n con ese contenido incrustado, incluido el seguimiento de tu interacci\u00f3n con el contenido incrustado si tienes una cuenta y est\u00e1s conectado a esa web.<\/p><!-- \/wp:paragraph --><!-- wp:heading {\"level\":3} --><h3>Anal\u00edtica<\/h3><!-- \/wp:heading --><!-- wp:heading --><h2>Con qui\u00e9n compartimos tus datos<\/h2><!-- \/wp:heading --><!-- wp:heading --><h2>Cu\u00e1nto tiempo conservamos tus datos<\/h2><!-- \/wp:heading --><!-- wp:paragraph --><p>Si dejas un comentario, el comentario y sus metadatos se conservan indefinidamente. Esto es para que podamos reconocer y aprobar comentarios sucesivos autom\u00e1ticamente en lugar de mantenerlos en una cola de moderaci\u00f3n.<\/p><!-- \/wp:paragraph --><!-- wp:paragraph --><p>De los usuarios que se registran en nuestra web (si los hay), tambi\u00e9n almacenamos la informaci\u00f3n personal que proporcionan en su perfil de usuario. Todos los usuarios pueden ver, editar o eliminar su informaci\u00f3n personal en cualquier momento (excepto que no pueden cambiar su nombre de usuario). Los administradores de la web tambi\u00e9n pueden ver y editar esa informaci\u00f3n.<\/p><!-- \/wp:paragraph --><!-- wp:heading --><h2>Qu\u00e9 derechos tienes sobre tus datos<\/h2><!-- \/wp:heading --><!-- wp:paragraph --><p>Si tienes una cuenta o has dejado comentarios en esta web, puedes solicitar recibir un archivo de exportaci\u00f3n de los datos personales que tenemos sobre ti, incluyendo cualquier dato que nos hayas proporcionado. Tambi\u00e9n puedes solicitar que eliminemos cualquier dato personal que tengamos sobre ti. Esto no incluye ning\u00fan dato que estemos obligados a conservar con fines administrativos, legales o de seguridad.<\/p><!-- \/wp:paragraph --><!-- wp:heading --><h2>D\u00f3nde enviamos tus datos<\/h2><!-- \/wp:heading --><!-- wp:paragraph --><p>Los comentarios de los visitantes puede que los revise un servicio de detecci\u00f3n autom\u00e1tica de spam.<\/p><!-- \/wp:paragraph --><!-- wp:heading --><h2>Tu informaci\u00f3n de contacto<\/h2><!-- \/wp:heading --><!-- wp:heading --><h2>Informaci\u00f3n adicional<\/h2><!-- \/wp:heading --><!-- wp:heading {\"level\":3} --><h3>C\u00f3mo protegemos tus datos<\/h3><!-- \/wp:heading --><!-- wp:heading {\"level\":3} --><h3>Qu\u00e9 procedimientos utilizamos contra las brechas de datos<\/h3><!-- \/wp:heading --><!-- wp:heading {\"level\":3} --><h3>De qu\u00e9 terceros recibimos datos<\/h3><!-- \/wp:heading --><!-- wp:heading {\"level\":3} --><h3>Qu\u00e9 tipo de toma de decisiones automatizada y\/o perfilado hacemos con los datos del usuario<\/h3><!-- \/wp:heading --><!-- wp:heading {\"level\":3} --><h3>Requerimientos regulatorios de revelaci\u00f3n de informaci\u00f3n del sector<\/h3><!-- \/wp:heading -->","_et_gb_content_width":"","footnotes":""},"class_list":["post-306","page","type-page","status-publish","hentry"],"aioseo_notices":[],"_links":{"self":[{"href":"https:\/\/www.meta-albero.com\/en\/wp-json\/wp\/v2\/pages\/306","targetHints":{"allow":["GET"]}}],"collection":[{"href":"https:\/\/www.meta-albero.com\/en\/wp-json\/wp\/v2\/pages"}],"about":[{"href":"https:\/\/www.meta-albero.com\/en\/wp-json\/wp\/v2\/types\/page"}],"author":[{"embeddable":true,"href":"https:\/\/www.meta-albero.com\/en\/wp-json\/wp\/v2\/users\/1"}],"replies":[{"embeddable":true,"href":"https:\/\/www.meta-albero.com\/en\/wp-json\/wp\/v2\/comments?post=306"}],"version-history":[{"count":1,"href":"https:\/\/www.meta-albero.com\/en\/wp-json\/wp\/v2\/pages\/306\/revisions"}],"predecessor-version":[{"id":307,"href":"https:\/\/www.meta-albero.com\/en\/wp-json\/wp\/v2\/pages\/306\/revisions\/307"}],"wp:attachment":[{"href":"https:\/\/www.meta-albero.com\/en\/wp-json\/wp\/v2\/media?parent=306"}],"curies":[{"name":"wp","href":"https:\/\/api.w.org\/{rel}","templated":true}]}}